{"id":2176,"date":"2024-03-22T20:32:11","date_gmt":"2024-03-22T20:32:11","guid":{"rendered":"https:\/\/svposeidon.de\/?page_id=2176"},"modified":"2026-03-26T17:00:07","modified_gmt":"2026-03-26T17:00:07","slug":"ansprechpartner","status":"publish","type":"page","link":"https:\/\/svposeidon.de\/index.php\/ansprechpartner\/","title":{"rendered":"Ansprechpartner"},"content":{"rendered":"\t\t<div data-elementor-type=\"wp-page\" data-elementor-id=\"2176\" class=\"elementor elementor-2176\" data-elementor-post-type=\"page\">\n\t\t\t\t\t\t<section class=\"elementor-section elementor-top-section elementor-element elementor-element-6b10140 elementor-section-boxed elementor-section-height-default elementor-section-height-default\" data-id=\"6b10140\" data-element_type=\"section\" data-e-type=\"section\" data-settings=\"{&quot;background_background&quot;:&quot;classic&quot;}\">\n\t\t\t\t\t\t\t<div class=\"elementor-background-overlay\"><\/div>\n\t\t\t\t\t\t\t<div class=\"elementor-container elementor-column-gap-default\">\n\t\t\t\t\t<div class=\"elementor-column elementor-col-100 elementor-top-column elementor-element elementor-element-dfcc2a2\" data-id=\"dfcc2a2\" data-element_type=\"column\" data-e-type=\"column\">\n\t\t\t<div class=\"elementor-widget-wrap elementor-element-populated\">\n\t\t\t\t\t\t<div class=\"elementor-element elementor-element-d9944d1 elementor-widget elementor-widget-heading\" data-id=\"d9944d1\" data-element_type=\"widget\" data-e-type=\"widget\" data-widget_type=\"heading.default\">\n\t\t\t\t<div class=\"elementor-widget-container\">\n\t\t\t\t\t<h2 class=\"elementor-heading-title elementor-size-default\">Ansprechpartner<\/h2>\t\t\t\t<\/div>\n\t\t\t\t<\/div>\n\t\t\t\t\t<\/div>\n\t\t<\/div>\n\t\t\t\t\t<\/div>\n\t\t<\/section>\n\t\t\t\t<section class=\"elementor-section elementor-top-section elementor-element elementor-element-20380f7 elementor-section-boxed elementor-section-height-default elementor-section-height-default\" data-id=\"20380f7\" data-element_type=\"section\" data-e-type=\"section\">\n\t\t\t\t\t\t<div class=\"elementor-container elementor-column-gap-default\">\n\t\t\t\t\t<div class=\"elementor-column elementor-col-100 elementor-top-column elementor-element elementor-element-36711bd\" data-id=\"36711bd\" data-element_type=\"column\" data-e-type=\"column\">\n\t\t\t<div class=\"elementor-widget-wrap elementor-element-populated\">\n\t\t\t\t\t\t<div class=\"elementor-element elementor-element-d7a8218 elementor-widget elementor-widget-heading\" data-id=\"d7a8218\" data-element_type=\"widget\" data-e-type=\"widget\" data-widget_type=\"heading.default\">\n\t\t\t\t<div class=\"elementor-widget-container\">\n\t\t\t\t\t<h2 class=\"elementor-heading-title elementor-size-default\">Gesch\u00e4ftsf\u00fchrender Vorstand<\/h2>\t\t\t\t<\/div>\n\t\t\t\t<\/div>\n\t\t\t\t<section class=\"elementor-section elementor-inner-section elementor-element elementor-element-1e18674 elementor-section-boxed elementor-section-height-default elementor-section-height-default\" data-id=\"1e18674\" data-element_type=\"section\" data-e-type=\"section\">\n\t\t\t\t\t\t<div class=\"elementor-container elementor-column-gap-default\">\n\t\t\t\t\t<div class=\"elementor-column elementor-col-20 elementor-inner-column elementor-element elementor-element-29b852c\" data-id=\"29b852c\" data-element_type=\"column\" data-e-type=\"column\">\n\t\t\t<div class=\"elementor-widget-wrap elementor-element-populated\">\n\t\t\t\t\t\t<div class=\"elementor-element elementor-element-096efee elementor-widget__width-initial elementor-position-top elementor-widget elementor-widget-image-box\" data-id=\"096efee\" data-element_type=\"widget\" data-e-type=\"widget\" data-widget_type=\"image-box.default\">\n\t\t\t\t<div class=\"elementor-widget-container\">\n\t\t\t\t\t<div class=\"elementor-image-box-wrapper\"><figure class=\"elementor-image-box-img\"><a href=\"mailto:info@svposeidon.de?subject=Vorsitzender\" tabindex=\"-1\"><img fetchpriority=\"high\" decoding=\"async\" width=\"512\" height=\"512\" src=\"https:\/\/svposeidon.de\/wp-content\/uploads\/2024\/04\/Plempe.jpg\" class=\"attachment-full size-full wp-image-2285\" alt=\"\" srcset=\"https:\/\/svposeidon.de\/wp-content\/uploads\/2024\/04\/Plempe.jpg 512w, https:\/\/svposeidon.de\/wp-content\/uploads\/2024\/04\/Plempe-300x300.jpg 300w, https:\/\/svposeidon.de\/wp-content\/uploads\/2024\/04\/Plempe-150x150.jpg 150w\" sizes=\"(max-width: 512px) 100vw, 512px\" \/><\/a><\/figure><div class=\"elementor-image-box-content\"><h3 class=\"elementor-image-box-title\"><a href=\"mailto:info@svposeidon.de?subject=Vorsitzender\">Georg Plempe<\/a><\/h3><p class=\"elementor-image-box-description\">Vorsitzender\nDatenschutz &amp; Pr\u00e4ventions Beauftragter<\/p><\/div><\/div>\t\t\t\t<\/div>\n\t\t\t\t<\/div>\n\t\t\t\t\t<\/div>\n\t\t<\/div>\n\t\t\t\t<div class=\"elementor-column elementor-col-20 elementor-inner-column elementor-element elementor-element-89d7409\" data-id=\"89d7409\" data-element_type=\"column\" data-e-type=\"column\">\n\t\t\t<div class=\"elementor-widget-wrap elementor-element-populated\">\n\t\t\t\t\t\t<div class=\"elementor-element elementor-element-c3b4728 elementor-position-top elementor-widget elementor-widget-image-box\" data-id=\"c3b4728\" data-element_type=\"widget\" data-e-type=\"widget\" data-widget_type=\"image-box.default\">\n\t\t\t\t<div class=\"elementor-widget-container\">\n\t\t\t\t\t<div class=\"elementor-image-box-wrapper\"><figure class=\"elementor-image-box-img\"><a href=\"mailto:info@svposeidon.de?subject=stellv%20Vorsitzender\" tabindex=\"-1\"><img decoding=\"async\" width=\"512\" height=\"512\" src=\"https:\/\/svposeidon.de\/wp-content\/uploads\/2024\/04\/Ingo.jpg\" class=\"attachment-full size-full wp-image-2296\" alt=\"\" srcset=\"https:\/\/svposeidon.de\/wp-content\/uploads\/2024\/04\/Ingo.jpg 512w, https:\/\/svposeidon.de\/wp-content\/uploads\/2024\/04\/Ingo-300x300.jpg 300w, https:\/\/svposeidon.de\/wp-content\/uploads\/2024\/04\/Ingo-150x150.jpg 150w\" sizes=\"(max-width: 512px) 100vw, 512px\" \/><\/a><\/figure><div class=\"elementor-image-box-content\"><h3 class=\"elementor-image-box-title\"><a href=\"mailto:info@svposeidon.de?subject=stellv%20Vorsitzender\">Ingo Stadthaus<\/a><\/h3><p class=\"elementor-image-box-description\">stellv. Vorsitzender<\/p><\/div><\/div>\t\t\t\t<\/div>\n\t\t\t\t<\/div>\n\t\t\t\t\t<\/div>\n\t\t<\/div>\n\t\t\t\t<div class=\"elementor-column elementor-col-20 elementor-inner-column elementor-element elementor-element-881d8c7\" data-id=\"881d8c7\" data-element_type=\"column\" data-e-type=\"column\">\n\t\t\t<div class=\"elementor-widget-wrap elementor-element-populated\">\n\t\t\t\t\t\t<div class=\"elementor-element elementor-element-4dd0ea7 elementor-position-top elementor-widget elementor-widget-image-box\" data-id=\"4dd0ea7\" data-element_type=\"widget\" data-e-type=\"widget\" data-widget_type=\"image-box.default\">\n\t\t\t\t<div class=\"elementor-widget-container\">\n\t\t\t\t\t<div class=\"elementor-image-box-wrapper\"><figure class=\"elementor-image-box-img\"><a href=\"mailto:info@svposeidon.de?subject=Gesch\u00e4ftsf\u00fchrung\" tabindex=\"-1\"><img decoding=\"async\" width=\"512\" height=\"512\" src=\"https:\/\/svposeidon.de\/wp-content\/uploads\/2024\/03\/mann-3.png\" class=\"attachment-full size-full wp-image-2182\" alt=\"\" srcset=\"https:\/\/svposeidon.de\/wp-content\/uploads\/2024\/03\/mann-3.png 512w, https:\/\/svposeidon.de\/wp-content\/uploads\/2024\/03\/mann-3-300x300.png 300w, https:\/\/svposeidon.de\/wp-content\/uploads\/2024\/03\/mann-3-150x150.png 150w\" sizes=\"(max-width: 512px) 100vw, 512px\" \/><\/a><\/figure><div class=\"elementor-image-box-content\"><h3 class=\"elementor-image-box-title\"><a href=\"mailto:info@svposeidon.de?subject=Gesch\u00e4ftsf\u00fchrung\">Hans Hohlweg<\/a><\/h3><p class=\"elementor-image-box-description\">Gesch\u00e4ftsf\u00fchrer <\/p><\/div><\/div>\t\t\t\t<\/div>\n\t\t\t\t<\/div>\n\t\t\t\t\t<\/div>\n\t\t<\/div>\n\t\t\t\t<div class=\"elementor-column elementor-col-20 elementor-inner-column elementor-element elementor-element-180e873\" data-id=\"180e873\" data-element_type=\"column\" data-e-type=\"column\">\n\t\t\t<div class=\"elementor-widget-wrap elementor-element-populated\">\n\t\t\t\t\t\t<div class=\"elementor-element elementor-element-ab00d9b elementor-position-top elementor-widget elementor-widget-image-box\" data-id=\"ab00d9b\" data-element_type=\"widget\" data-e-type=\"widget\" data-widget_type=\"image-box.default\">\n\t\t\t\t<div class=\"elementor-widget-container\">\n\t\t\t\t\t<div class=\"elementor-image-box-wrapper\"><figure class=\"elementor-image-box-img\"><a href=\"mailto:info@svposeidon.de?subject=Kassierer\" tabindex=\"-1\"><img loading=\"lazy\" decoding=\"async\" width=\"840\" height=\"840\" src=\"https:\/\/svposeidon.de\/wp-content\/uploads\/2025\/04\/WhatsApp-Image-2025-04-08-at-10.49.26-e1744105069278.jpeg\" class=\"attachment-full size-full wp-image-2420\" alt=\"\" srcset=\"https:\/\/svposeidon.de\/wp-content\/uploads\/2025\/04\/WhatsApp-Image-2025-04-08-at-10.49.26-e1744105069278.jpeg 840w, https:\/\/svposeidon.de\/wp-content\/uploads\/2025\/04\/WhatsApp-Image-2025-04-08-at-10.49.26-e1744105069278-300x300.jpeg 300w, https:\/\/svposeidon.de\/wp-content\/uploads\/2025\/04\/WhatsApp-Image-2025-04-08-at-10.49.26-e1744105069278-150x150.jpeg 150w, https:\/\/svposeidon.de\/wp-content\/uploads\/2025\/04\/WhatsApp-Image-2025-04-08-at-10.49.26-e1744105069278-768x768.jpeg 768w\" sizes=\"(max-width: 840px) 100vw, 840px\" \/><\/a><\/figure><div class=\"elementor-image-box-content\"><h3 class=\"elementor-image-box-title\"><a href=\"mailto:info@svposeidon.de?subject=Kassierer\">Stephan Leygraf<\/a><\/h3><p class=\"elementor-image-box-description\">Kassierer<\/p><\/div><\/div>\t\t\t\t<\/div>\n\t\t\t\t<\/div>\n\t\t\t\t\t<\/div>\n\t\t<\/div>\n\t\t\t\t<div class=\"elementor-column elementor-col-20 elementor-inner-column elementor-element elementor-element-a76609a\" data-id=\"a76609a\" data-element_type=\"column\" data-e-type=\"column\">\n\t\t\t<div class=\"elementor-widget-wrap elementor-element-populated\">\n\t\t\t\t\t\t<div class=\"elementor-element elementor-element-3208741 elementor-position-top elementor-widget elementor-widget-image-box\" data-id=\"3208741\" data-element_type=\"widget\" data-e-type=\"widget\" data-widget_type=\"image-box.default\">\n\t\t\t\t<div class=\"elementor-widget-container\">\n\t\t\t\t\t<div class=\"elementor-image-box-wrapper\"><figure class=\"elementor-image-box-img\"><a href=\"mailto:info@svposeidon.de?subject=Technische%20Leitung\" tabindex=\"-1\"><img loading=\"lazy\" decoding=\"async\" width=\"512\" height=\"512\" src=\"https:\/\/svposeidon.de\/wp-content\/uploads\/2024\/03\/mann-2.png\" class=\"attachment-full size-full wp-image-2184\" alt=\"\" srcset=\"https:\/\/svposeidon.de\/wp-content\/uploads\/2024\/03\/mann-2.png 512w, https:\/\/svposeidon.de\/wp-content\/uploads\/2024\/03\/mann-2-300x300.png 300w, https:\/\/svposeidon.de\/wp-content\/uploads\/2024\/03\/mann-2-150x150.png 150w\" sizes=\"(max-width: 512px) 100vw, 512px\" \/><\/a><\/figure><div class=\"elementor-image-box-content\"><h3 class=\"elementor-image-box-title\"><a href=\"mailto:info@svposeidon.de?subject=Technische%20Leitung\">Thomas Schmitz<\/a><\/h3><p class=\"elementor-image-box-description\">tech. Leiter<\/p><\/div><\/div>\t\t\t\t<\/div>\n\t\t\t\t<\/div>\n\t\t\t\t\t<\/div>\n\t\t<\/div>\n\t\t\t\t\t<\/div>\n\t\t<\/section>\n\t\t\t\t\t<\/div>\n\t\t<\/div>\n\t\t\t\t\t<\/div>\n\t\t<\/section>\n\t\t\t\t<section class=\"elementor-section elementor-top-section elementor-element elementor-element-901a692 elementor-section-boxed elementor-section-height-default elementor-section-height-default\" data-id=\"901a692\" data-element_type=\"section\" data-e-type=\"section\">\n\t\t\t\t\t\t<div class=\"elementor-container elementor-column-gap-default\">\n\t\t\t\t\t<div class=\"elementor-column elementor-col-100 elementor-top-column elementor-element elementor-element-c3728b5\" data-id=\"c3728b5\" data-element_type=\"column\" data-e-type=\"column\">\n\t\t\t<div class=\"elementor-widget-wrap elementor-element-populated\">\n\t\t\t\t\t\t<div class=\"elementor-element elementor-element-a33716a elementor-widget elementor-widget-heading\" data-id=\"a33716a\" data-element_type=\"widget\" data-e-type=\"widget\" data-widget_type=\"heading.default\">\n\t\t\t\t<div class=\"elementor-widget-container\">\n\t\t\t\t\t<h2 class=\"elementor-heading-title elementor-size-default\">Weitere Vorstandsmitglieder<\/h2>\t\t\t\t<\/div>\n\t\t\t\t<\/div>\n\t\t\t\t<section class=\"elementor-section elementor-inner-section elementor-element elementor-element-926fac6 elementor-section-boxed elementor-section-height-default elementor-section-height-default\" data-id=\"926fac6\" data-element_type=\"section\" data-e-type=\"section\">\n\t\t\t\t\t\t<div class=\"elementor-container elementor-column-gap-default\">\n\t\t\t\t\t<div class=\"elementor-column elementor-col-20 elementor-inner-column elementor-element elementor-element-6c9f334\" data-id=\"6c9f334\" data-element_type=\"column\" data-e-type=\"column\">\n\t\t\t<div class=\"elementor-widget-wrap elementor-element-populated\">\n\t\t\t\t\t\t<div class=\"elementor-element elementor-element-3961488 elementor-position-top elementor-widget elementor-widget-image-box\" data-id=\"3961488\" data-element_type=\"widget\" data-e-type=\"widget\" data-widget_type=\"image-box.default\">\n\t\t\t\t<div class=\"elementor-widget-container\">\n\t\t\t\t\t<div class=\"elementor-image-box-wrapper\"><figure class=\"elementor-image-box-img\"><img loading=\"lazy\" decoding=\"async\" width=\"908\" height=\"908\" src=\"https:\/\/svposeidon.de\/wp-content\/uploads\/2026\/03\/6a439cb2-a899-4570-8451-41b2ab694aef.jpg\" class=\"attachment-full size-full wp-image-2548\" alt=\"\" srcset=\"https:\/\/svposeidon.de\/wp-content\/uploads\/2026\/03\/6a439cb2-a899-4570-8451-41b2ab694aef.jpg 908w, https:\/\/svposeidon.de\/wp-content\/uploads\/2026\/03\/6a439cb2-a899-4570-8451-41b2ab694aef-300x300.jpg 300w, https:\/\/svposeidon.de\/wp-content\/uploads\/2026\/03\/6a439cb2-a899-4570-8451-41b2ab694aef-150x150.jpg 150w, https:\/\/svposeidon.de\/wp-content\/uploads\/2026\/03\/6a439cb2-a899-4570-8451-41b2ab694aef-768x768.jpg 768w\" sizes=\"(max-width: 908px) 100vw, 908px\" \/><\/figure><div class=\"elementor-image-box-content\"><h3 class=\"elementor-image-box-title\">Melanie Bahn<\/h3><p class=\"elementor-image-box-description\">Schriftf\u00fchrung<\/p><\/div><\/div>\t\t\t\t<\/div>\n\t\t\t\t<\/div>\n\t\t\t\t\t<\/div>\n\t\t<\/div>\n\t\t\t\t<div class=\"elementor-column elementor-col-20 elementor-inner-column elementor-element elementor-element-34a0c04\" data-id=\"34a0c04\" data-element_type=\"column\" data-e-type=\"column\">\n\t\t\t<div class=\"elementor-widget-wrap elementor-element-populated\">\n\t\t\t\t\t\t<div class=\"elementor-element elementor-element-865ad0a elementor-position-top elementor-widget elementor-widget-image-box\" data-id=\"865ad0a\" data-element_type=\"widget\" data-e-type=\"widget\" data-widget_type=\"image-box.default\">\n\t\t\t\t<div class=\"elementor-widget-container\">\n\t\t\t\t\t<div class=\"elementor-image-box-wrapper\"><figure class=\"elementor-image-box-img\"><img loading=\"lazy\" decoding=\"async\" width=\"2560\" height=\"2560\" src=\"https:\/\/svposeidon.de\/wp-content\/uploads\/2026\/02\/IMG_1188-scaled.jpeg\" class=\"attachment-full size-full wp-image-2522\" alt=\"\" srcset=\"https:\/\/svposeidon.de\/wp-content\/uploads\/2026\/02\/IMG_1188-scaled.jpeg 2560w, https:\/\/svposeidon.de\/wp-content\/uploads\/2026\/02\/IMG_1188-300x300.jpeg 300w, https:\/\/svposeidon.de\/wp-content\/uploads\/2026\/02\/IMG_1188-1024x1024.jpeg 1024w, https:\/\/svposeidon.de\/wp-content\/uploads\/2026\/02\/IMG_1188-150x150.jpeg 150w, https:\/\/svposeidon.de\/wp-content\/uploads\/2026\/02\/IMG_1188-768x768.jpeg 768w, https:\/\/svposeidon.de\/wp-content\/uploads\/2026\/02\/IMG_1188-1536x1536.jpeg 1536w, https:\/\/svposeidon.de\/wp-content\/uploads\/2026\/02\/IMG_1188-2048x2048.jpeg 2048w\" sizes=\"(max-width: 2560px) 100vw, 2560px\" \/><\/figure><div class=\"elementor-image-box-content\"><h3 class=\"elementor-image-box-title\">Janna Joseph<\/h3><p class=\"elementor-image-box-description\">1. Jugendwart\n<\/p><\/div><\/div>\t\t\t\t<\/div>\n\t\t\t\t<\/div>\n\t\t\t\t\t<\/div>\n\t\t<\/div>\n\t\t\t\t<div class=\"elementor-column elementor-col-20 elementor-inner-column elementor-element elementor-element-8353728\" data-id=\"8353728\" data-element_type=\"column\" data-e-type=\"column\">\n\t\t\t<div class=\"elementor-widget-wrap elementor-element-populated\">\n\t\t\t\t\t\t<div class=\"elementor-element elementor-element-77b4fe6 elementor-position-top elementor-widget elementor-widget-image-box\" data-id=\"77b4fe6\" data-element_type=\"widget\" data-e-type=\"widget\" data-widget_type=\"image-box.default\">\n\t\t\t\t<div class=\"elementor-widget-container\">\n\t\t\t\t\t<div class=\"elementor-image-box-wrapper\"><figure class=\"elementor-image-box-img\"><img loading=\"lazy\" decoding=\"async\" width=\"1199\" height=\"1200\" src=\"https:\/\/svposeidon.de\/wp-content\/uploads\/2025\/04\/WhatsApp-Image-2025-04-08-at-10.49.26-2-e1744105257295.jpeg\" class=\"attachment-full size-full wp-image-2421\" alt=\"\" srcset=\"https:\/\/svposeidon.de\/wp-content\/uploads\/2025\/04\/WhatsApp-Image-2025-04-08-at-10.49.26-2-e1744105257295.jpeg 1199w, https:\/\/svposeidon.de\/wp-content\/uploads\/2025\/04\/WhatsApp-Image-2025-04-08-at-10.49.26-2-e1744105257295-300x300.jpeg 300w, https:\/\/svposeidon.de\/wp-content\/uploads\/2025\/04\/WhatsApp-Image-2025-04-08-at-10.49.26-2-e1744105257295-1024x1024.jpeg 1024w, https:\/\/svposeidon.de\/wp-content\/uploads\/2025\/04\/WhatsApp-Image-2025-04-08-at-10.49.26-2-e1744105257295-150x150.jpeg 150w, https:\/\/svposeidon.de\/wp-content\/uploads\/2025\/04\/WhatsApp-Image-2025-04-08-at-10.49.26-2-e1744105257295-768x769.jpeg 768w\" sizes=\"(max-width: 1199px) 100vw, 1199px\" \/><\/figure><div class=\"elementor-image-box-content\"><h3 class=\"elementor-image-box-title\">Sarah Stadthaus<\/h3><p class=\"elementor-image-box-description\">2. Jugendwart<\/p><\/div><\/div>\t\t\t\t<\/div>\n\t\t\t\t<\/div>\n\t\t\t\t\t<\/div>\n\t\t<\/div>\n\t\t\t\t<div class=\"elementor-column elementor-col-20 elementor-inner-column elementor-element elementor-element-c8b0f99\" data-id=\"c8b0f99\" data-element_type=\"column\" data-e-type=\"column\">\n\t\t\t<div class=\"elementor-widget-wrap elementor-element-populated\">\n\t\t\t\t\t\t<div class=\"elementor-element elementor-element-1355892 elementor-position-top elementor-widget elementor-widget-image-box\" data-id=\"1355892\" data-element_type=\"widget\" data-e-type=\"widget\" data-widget_type=\"image-box.default\">\n\t\t\t\t<div class=\"elementor-widget-container\">\n\t\t\t\t\t<div class=\"elementor-image-box-wrapper\"><figure class=\"elementor-image-box-img\"><img decoding=\"async\" width=\"512\" height=\"512\" src=\"https:\/\/svposeidon.de\/wp-content\/uploads\/2024\/04\/Ingo.jpg\" class=\"attachment-full size-full wp-image-2296\" alt=\"\" srcset=\"https:\/\/svposeidon.de\/wp-content\/uploads\/2024\/04\/Ingo.jpg 512w, https:\/\/svposeidon.de\/wp-content\/uploads\/2024\/04\/Ingo-300x300.jpg 300w, https:\/\/svposeidon.de\/wp-content\/uploads\/2024\/04\/Ingo-150x150.jpg 150w\" sizes=\"(max-width: 512px) 100vw, 512px\" \/><\/figure><div class=\"elementor-image-box-content\"><h3 class=\"elementor-image-box-title\">Ingo Stadthaus<\/h3><p class=\"elementor-image-box-description\">Fachwart Wettkampfsport\nTriathlon<\/p><\/div><\/div>\t\t\t\t<\/div>\n\t\t\t\t<\/div>\n\t\t\t\t\t<\/div>\n\t\t<\/div>\n\t\t\t\t<div class=\"elementor-column elementor-col-20 elementor-inner-column elementor-element elementor-element-3214930\" data-id=\"3214930\" data-element_type=\"column\" data-e-type=\"column\">\n\t\t\t<div class=\"elementor-widget-wrap elementor-element-populated\">\n\t\t\t\t\t\t<div class=\"elementor-element elementor-element-48bcba0 elementor-position-top elementor-widget elementor-widget-image-box\" data-id=\"48bcba0\" data-element_type=\"widget\" data-e-type=\"widget\" data-widget_type=\"image-box.default\">\n\t\t\t\t<div class=\"elementor-widget-container\">\n\t\t\t\t\t<div class=\"elementor-image-box-wrapper\"><figure class=\"elementor-image-box-img\"><img loading=\"lazy\" decoding=\"async\" width=\"1536\" height=\"1536\" src=\"https:\/\/svposeidon.de\/wp-content\/uploads\/2026\/03\/836c9339-7e6b-4d49-bfff-553338ef988e.jpg\" class=\"attachment-full size-full wp-image-2547\" alt=\"\" srcset=\"https:\/\/svposeidon.de\/wp-content\/uploads\/2026\/03\/836c9339-7e6b-4d49-bfff-553338ef988e.jpg 1536w, https:\/\/svposeidon.de\/wp-content\/uploads\/2026\/03\/836c9339-7e6b-4d49-bfff-553338ef988e-300x300.jpg 300w, https:\/\/svposeidon.de\/wp-content\/uploads\/2026\/03\/836c9339-7e6b-4d49-bfff-553338ef988e-1024x1024.jpg 1024w, https:\/\/svposeidon.de\/wp-content\/uploads\/2026\/03\/836c9339-7e6b-4d49-bfff-553338ef988e-150x150.jpg 150w, https:\/\/svposeidon.de\/wp-content\/uploads\/2026\/03\/836c9339-7e6b-4d49-bfff-553338ef988e-768x768.jpg 768w\" sizes=\"(max-width: 1536px) 100vw, 1536px\" \/><\/figure><div class=\"elementor-image-box-content\"><h3 class=\"elementor-image-box-title\">Ilka Leygraf<\/h3><p class=\"elementor-image-box-description\">Fachwart \u00d6ffentlichkeitsarbeit<\/p><\/div><\/div>\t\t\t\t<\/div>\n\t\t\t\t<\/div>\n\t\t\t\t\t<\/div>\n\t\t<\/div>\n\t\t\t\t\t<\/div>\n\t\t<\/section>\n\t\t\t\t\t<\/div>\n\t\t<\/div>\n\t\t\t\t\t<\/div>\n\t\t<\/section>\n\t\t\t\t<\/div>\n\t\t","protected":false},"excerpt":{"rendered":"<p>Ansprechpartner Gesch\u00e4ftsf\u00fchrender Vorstand Georg Plempe Vorsitzender Datenschutz &amp; Pr\u00e4ventions Beauftragter Ingo Stadthaus stellv. Vorsitzender Hans Hohlweg Gesch\u00e4ftsf\u00fchrer Stephan Leygraf Kassierer Thomas Schmitz tech. Leiter Weitere Vorstandsmitglieder Melanie Bahn Schriftf\u00fchrung Janna Joseph 1. Jugendwart Sarah Stadthaus 2. Jugendwart Ingo Stadthaus Fachwart Wettkampfsport Triathlon Ilka Leygraf Fachwart \u00d6ffentlichkeitsarbeit<\/p>\n","protected":false},"author":4,"featured_media":0,"parent":0,"menu_order":0,"comment_status":"closed","ping_status":"closed","template":"elementor_theme","meta":{"footnotes":""},"class_list":["post-2176","page","type-page","status-publish","hentry"],"_links":{"self":[{"href":"https:\/\/svposeidon.de\/index.php\/wp-json\/wp\/v2\/pages\/2176","targetHints":{"allow":["GET"]}}],"collection":[{"href":"https:\/\/svposeidon.de\/index.php\/wp-json\/wp\/v2\/pages"}],"about":[{"href":"https:\/\/svposeidon.de\/index.php\/wp-json\/wp\/v2\/types\/page"}],"author":[{"embeddable":true,"href":"https:\/\/svposeidon.de\/index.php\/wp-json\/wp\/v2\/users\/4"}],"replies":[{"embeddable":true,"href":"https:\/\/svposeidon.de\/index.php\/wp-json\/wp\/v2\/comments?post=2176"}],"version-history":[{"count":70,"href":"https:\/\/svposeidon.de\/index.php\/wp-json\/wp\/v2\/pages\/2176\/revisions"}],"predecessor-version":[{"id":2551,"href":"https:\/\/svposeidon.de\/index.php\/wp-json\/wp\/v2\/pages\/2176\/revisions\/2551"}],"wp:attachment":[{"href":"https:\/\/svposeidon.de\/index.php\/wp-json\/wp\/v2\/media?parent=2176"}],"curies":[{"name":"wp","href":"https:\/\/api.w.org\/{rel}","templated":true}]}}