{"id":2080,"date":"2024-03-21T23:04:24","date_gmt":"2024-03-21T23:04:24","guid":{"rendered":"https:\/\/svposeidon.de\/?page_id=2080"},"modified":"2026-03-12T16:25:58","modified_gmt":"2026-03-12T16:25:58","slug":"breitensport","status":"publish","type":"page","link":"https:\/\/svposeidon.de\/index.php\/breitensport\/","title":{"rendered":"Breitensport"},"content":{"rendered":"\t\t<div data-elementor-type=\"wp-page\" data-elementor-id=\"2080\" class=\"elementor elementor-2080\" data-elementor-post-type=\"page\">\n\t\t\t\t\t\t<section class=\"elementor-section elementor-top-section elementor-element elementor-element-6b10140 elementor-section-boxed elementor-section-height-default elementor-section-height-default\" data-id=\"6b10140\" data-element_type=\"section\" data-e-type=\"section\" data-settings=\"{&quot;background_background&quot;:&quot;classic&quot;}\">\n\t\t\t\t\t\t\t<div class=\"elementor-background-overlay\"><\/div>\n\t\t\t\t\t\t\t<div class=\"elementor-container elementor-column-gap-default\">\n\t\t\t\t\t<div class=\"elementor-column elementor-col-100 elementor-top-column elementor-element elementor-element-dfcc2a2\" data-id=\"dfcc2a2\" data-element_type=\"column\" data-e-type=\"column\">\n\t\t\t<div class=\"elementor-widget-wrap elementor-element-populated\">\n\t\t\t\t\t\t<div class=\"elementor-element elementor-element-d9944d1 elementor-widget elementor-widget-heading\" data-id=\"d9944d1\" data-element_type=\"widget\" data-e-type=\"widget\" data-widget_type=\"heading.default\">\n\t\t\t\t<div class=\"elementor-widget-container\">\n\t\t\t\t\t<h2 class=\"elementor-heading-title elementor-size-default\">Breitensport<\/h2>\t\t\t\t<\/div>\n\t\t\t\t<\/div>\n\t\t\t\t\t<\/div>\n\t\t<\/div>\n\t\t\t\t\t<\/div>\n\t\t<\/section>\n\t\t\t\t<section class=\"elementor-section elementor-top-section elementor-element elementor-element-47633b8 elementor-section-boxed elementor-section-height-default elementor-section-height-default\" data-id=\"47633b8\" data-element_type=\"section\" data-e-type=\"section\">\n\t\t\t\t\t\t<div class=\"elementor-container elementor-column-gap-default\">\n\t\t\t\t\t<div class=\"elementor-column elementor-col-50 elementor-top-column elementor-element elementor-element-57639e7\" data-id=\"57639e7\" data-element_type=\"column\" data-e-type=\"column\">\n\t\t\t<div class=\"elementor-widget-wrap elementor-element-populated\">\n\t\t\t\t\t\t<div class=\"elementor-element elementor-element-0851231 elementor-widget elementor-widget-text-editor\" data-id=\"0851231\" data-element_type=\"widget\" data-e-type=\"widget\" data-widget_type=\"text-editor.default\">\n\t\t\t\t<div class=\"elementor-widget-container\">\n\t\t\t\t\t\t\t\t\t<p>Der Breitensport und die Vorbereitung auf das Schwimmabzeichen sind wichtige S\u00e4ulen der Schwimmaktivit\u00e4ten beim SV Poseidon Castrop-Rauxel. Diese Programme richten sich an alle, die ihre Schwimmf\u00e4higkeiten verbessern m\u00f6chten, sei es aus Sicherheitsgr\u00fcnden, f\u00fcr den Spa\u00df am Wasser oder als Vorbereitung auf weiterf\u00fchrende Schwimmziele.<\/p><p>Im Breitensportprogramm des Vereins stehen Spa\u00df und Bewegung im Wasser im Vordergrund. Hier haben Kinder und Jugendliche die M\u00f6glichkeit, ihre Schwimmtechnik zu verbessern, ihre Ausdauer zu steigern und neue Schwimmstile zu erlernen. Unter der Anleitung qualifizierter Trainer k\u00f6nnen die Teilnehmer ihre individuellen Ziele verfolgen und in ihrem eigenen Tempo Fortschritte machen.<\/p><p>Ein besonderer Schwerpunkt liegt auf der Vorbereitung auf das Schwimmabzeichen, sei es das Seepferdchen, das Bronze-, Silber- oder Goldabzeichen. Die Trainer des SV Poseidon Castrop-Rauxel unterst\u00fctzen die Teilnehmer dabei, die erforderlichen F\u00e4higkeiten und Kenntnisse f\u00fcr die erfolgreiche Abnahme des Schwimmabzeichens zu erlangen. Dazu geh\u00f6ren das sichere Schwimmen auf verschiedenen Strecken, das Tauchen, das Retten von Personen sowie theoretisches Wissen \u00fcber Wasserrettung und Baderegeln.<\/p>\t\t\t\t\t\t\t\t<\/div>\n\t\t\t\t<\/div>\n\t\t\t\t\t<\/div>\n\t\t<\/div>\n\t\t\t\t<div class=\"elementor-column elementor-col-50 elementor-top-column elementor-element elementor-element-9e9a5eb\" data-id=\"9e9a5eb\" data-element_type=\"column\" data-e-type=\"column\">\n\t\t\t<div class=\"elementor-widget-wrap elementor-element-populated\">\n\t\t\t\t\t\t<div class=\"elementor-element elementor-element-2130d2c elementor-widget elementor-widget-image\" data-id=\"2130d2c\" data-element_type=\"widget\" data-e-type=\"widget\" data-widget_type=\"image.default\">\n\t\t\t\t<div class=\"elementor-widget-container\">\n\t\t\t\t\t\t\t\t\t\t\t\t\t\t\t<img decoding=\"async\" width=\"150\" height=\"150\" src=\"https:\/\/svposeidon.de\/wp-content\/uploads\/2024\/03\/Deutsches_Schwimmabzeichen_in_Bronze.svg-150x150.png\" class=\"attachment-thumbnail size-thumbnail wp-image-2085\" alt=\"\" srcset=\"https:\/\/svposeidon.de\/wp-content\/uploads\/2024\/03\/Deutsches_Schwimmabzeichen_in_Bronze.svg-150x150.png 150w, https:\/\/svposeidon.de\/wp-content\/uploads\/2024\/03\/Deutsches_Schwimmabzeichen_in_Bronze.svg-300x300.png 300w, https:\/\/svposeidon.de\/wp-content\/uploads\/2024\/03\/Deutsches_Schwimmabzeichen_in_Bronze.svg-1024x1024.png 1024w, https:\/\/svposeidon.de\/wp-content\/uploads\/2024\/03\/Deutsches_Schwimmabzeichen_in_Bronze.svg-768x768.png 768w, https:\/\/svposeidon.de\/wp-content\/uploads\/2024\/03\/Deutsches_Schwimmabzeichen_in_Bronze.svg.png 1200w\" sizes=\"(max-width: 150px) 100vw, 150px\" \/>\t\t\t\t\t\t\t\t\t\t\t\t\t\t\t<\/div>\n\t\t\t\t<\/div>\n\t\t\t\t<div class=\"elementor-element elementor-element-36592ad elementor-widget elementor-widget-image\" data-id=\"36592ad\" data-element_type=\"widget\" data-e-type=\"widget\" data-widget_type=\"image.default\">\n\t\t\t\t<div class=\"elementor-widget-container\">\n\t\t\t\t\t\t\t\t\t\t\t\t\t\t\t<img decoding=\"async\" width=\"150\" height=\"150\" src=\"https:\/\/svposeidon.de\/wp-content\/uploads\/2024\/03\/Deutsches_Schwimmabzeichen_in_Silber.svg-150x150.png\" class=\"attachment-thumbnail size-thumbnail wp-image-2087\" alt=\"\" srcset=\"https:\/\/svposeidon.de\/wp-content\/uploads\/2024\/03\/Deutsches_Schwimmabzeichen_in_Silber.svg-150x150.png 150w, https:\/\/svposeidon.de\/wp-content\/uploads\/2024\/03\/Deutsches_Schwimmabzeichen_in_Silber.svg-300x300.png 300w, https:\/\/svposeidon.de\/wp-content\/uploads\/2024\/03\/Deutsches_Schwimmabzeichen_in_Silber.svg-1024x1024.png 1024w, https:\/\/svposeidon.de\/wp-content\/uploads\/2024\/03\/Deutsches_Schwimmabzeichen_in_Silber.svg-768x768.png 768w, https:\/\/svposeidon.de\/wp-content\/uploads\/2024\/03\/Deutsches_Schwimmabzeichen_in_Silber.svg-1536x1536.png 1536w, https:\/\/svposeidon.de\/wp-content\/uploads\/2024\/03\/Deutsches_Schwimmabzeichen_in_Silber.svg.png 2048w\" sizes=\"(max-width: 150px) 100vw, 150px\" \/>\t\t\t\t\t\t\t\t\t\t\t\t\t\t\t<\/div>\n\t\t\t\t<\/div>\n\t\t\t\t<div class=\"elementor-element elementor-element-f35f390 elementor-widget elementor-widget-image\" data-id=\"f35f390\" data-element_type=\"widget\" data-e-type=\"widget\" data-widget_type=\"image.default\">\n\t\t\t\t<div class=\"elementor-widget-container\">\n\t\t\t\t\t\t\t\t\t\t\t\t\t\t\t<img decoding=\"async\" width=\"150\" height=\"150\" src=\"https:\/\/svposeidon.de\/wp-content\/uploads\/2024\/03\/Deutsches_Schwimmabzeichen_in_Gold.svg-150x150.png\" class=\"attachment-thumbnail size-thumbnail wp-image-2086\" alt=\"\" srcset=\"https:\/\/svposeidon.de\/wp-content\/uploads\/2024\/03\/Deutsches_Schwimmabzeichen_in_Gold.svg-150x150.png 150w, https:\/\/svposeidon.de\/wp-content\/uploads\/2024\/03\/Deutsches_Schwimmabzeichen_in_Gold.svg-300x300.png 300w, https:\/\/svposeidon.de\/wp-content\/uploads\/2024\/03\/Deutsches_Schwimmabzeichen_in_Gold.svg-1024x1024.png 1024w, https:\/\/svposeidon.de\/wp-content\/uploads\/2024\/03\/Deutsches_Schwimmabzeichen_in_Gold.svg-768x768.png 768w, https:\/\/svposeidon.de\/wp-content\/uploads\/2024\/03\/Deutsches_Schwimmabzeichen_in_Gold.svg.png 1200w\" sizes=\"(max-width: 150px) 100vw, 150px\" \/>\t\t\t\t\t\t\t\t\t\t\t\t\t\t\t<\/div>\n\t\t\t\t<\/div>\n\t\t\t\t<div class=\"elementor-element elementor-element-f76995f elementor-widget elementor-widget-text-editor\" data-id=\"f76995f\" data-element_type=\"widget\" data-e-type=\"widget\" data-widget_type=\"text-editor.default\">\n\t\t\t\t<div class=\"elementor-widget-container\">\n\t\t\t\t\t\t\t\t\t<p>Du hast Interesse?<\/p>\t\t\t\t\t\t\t\t<\/div>\n\t\t\t\t<\/div>\n\t\t\t\t<div class=\"elementor-element elementor-element-8db8831 elementor-align-center elementor-widget elementor-widget-button\" data-id=\"8db8831\" data-element_type=\"widget\" data-e-type=\"widget\" data-widget_type=\"button.default\">\n\t\t\t\t<div class=\"elementor-widget-container\">\n\t\t\t\t\t\t\t\t\t<div class=\"elementor-button-wrapper\">\n\t\t\t\t\t<a class=\"elementor-button elementor-button-link elementor-size-sm\" href=\"mailto:info@svposeidon.de?subject=Breitensport\">\n\t\t\t\t\t\t<span class=\"elementor-button-content-wrapper\">\n\t\t\t\t\t\t\t\t\t<span class=\"elementor-button-text\">Kontakt<\/span>\n\t\t\t\t\t<\/span>\n\t\t\t\t\t<\/a>\n\t\t\t\t<\/div>\n\t\t\t\t\t\t\t\t<\/div>\n\t\t\t\t<\/div>\n\t\t\t\t\t<\/div>\n\t\t<\/div>\n\t\t\t\t\t<\/div>\n\t\t<\/section>\n\t\t\t\t<section class=\"elementor-section elementor-top-section elementor-element elementor-element-7f4c411 elementor-section-boxed elementor-section-height-default elementor-section-height-default\" data-id=\"7f4c411\" data-element_type=\"section\" data-e-type=\"section\" data-settings=\"{&quot;background_background&quot;:&quot;classic&quot;}\">\n\t\t\t\t\t\t<div class=\"elementor-container elementor-column-gap-default\">\n\t\t\t\t\t<div class=\"elementor-column elementor-col-33 elementor-top-column elementor-element elementor-element-7f77e35\" data-id=\"7f77e35\" data-element_type=\"column\" data-e-type=\"column\">\n\t\t\t<div class=\"elementor-widget-wrap elementor-element-populated\">\n\t\t\t\t\t\t<div class=\"elementor-element elementor-element-d371bbc elementor-widget elementor-widget-heading\" data-id=\"d371bbc\" data-element_type=\"widget\" data-e-type=\"widget\" data-widget_type=\"heading.default\">\n\t\t\t\t<div class=\"elementor-widget-container\">\n\t\t\t\t\t<h2 class=\"elementor-heading-title elementor-size-default\">Kurszeiten<\/h2>\t\t\t\t<\/div>\n\t\t\t\t<\/div>\n\t\t\t\t<div class=\"elementor-element elementor-element-dc23a24 elementor-widget elementor-widget-toggle\" data-id=\"dc23a24\" data-element_type=\"widget\" data-e-type=\"widget\" data-widget_type=\"toggle.default\">\n\t\t\t\t<div class=\"elementor-widget-container\">\n\t\t\t\t\t\t\t<div class=\"elementor-toggle\">\n\t\t\t\t\t\t\t<div class=\"elementor-toggle-item\">\n\t\t\t\t\t<div id=\"elementor-tab-title-2301\" class=\"elementor-tab-title\" data-tab=\"1\" role=\"button\" aria-controls=\"elementor-tab-content-2301\" aria-expanded=\"false\">\n\t\t\t\t\t\t\t\t\t\t\t\t<span class=\"elementor-toggle-icon elementor-toggle-icon-left\" aria-hidden=\"true\">\n\t\t\t\t\t\t\t\t\t\t\t\t\t\t\t<span class=\"elementor-toggle-icon-closed\"><svg class=\"e-font-icon-svg e-fas-caret-right\" viewBox=\"0 0 192 512\" xmlns=\"http:\/\/www.w3.org\/2000\/svg\"><path d=\"M0 384.662V127.338c0-17.818 21.543-26.741 34.142-14.142l128.662 128.662c7.81 7.81 7.81 20.474 0 28.284L34.142 398.804C21.543 411.404 0 402.48 0 384.662z\"><\/path><\/svg><\/span>\n\t\t\t\t\t\t\t\t<span class=\"elementor-toggle-icon-opened\"><svg class=\"elementor-toggle-icon-opened e-font-icon-svg e-fas-caret-up\" viewBox=\"0 0 320 512\" xmlns=\"http:\/\/www.w3.org\/2000\/svg\"><path d=\"M288.662 352H31.338c-17.818 0-26.741-21.543-14.142-34.142l128.662-128.662c7.81-7.81 20.474-7.81 28.284 0l128.662 128.662c12.6 12.599 3.676 34.142-14.142 34.142z\"><\/path><\/svg><\/span>\n\t\t\t\t\t\t\t\t\t\t\t\t\t<\/span>\n\t\t\t\t\t\t\t\t\t\t\t\t<a class=\"elementor-toggle-title\" tabindex=\"0\">Hallenbad am Montag<\/a>\n\t\t\t\t\t<\/div>\n\n\t\t\t\t\t<div id=\"elementor-tab-content-2301\" class=\"elementor-tab-content elementor-clearfix\" data-tab=\"1\" role=\"region\" aria-labelledby=\"elementor-tab-title-2301\"><p><strong>Nachwuchs Mannschaft<\/strong> \u00a0 \u00a017:40 &#8211; 19:00<\/p><hr \/><p><strong>Breitensport<\/strong> \u00a0 \u00a017:00 &#8211; 17:40<\/p><hr \/><p><strong>Schwimmausbildung 1<\/strong> \u00a0 \u00a017:00 &#8211; 17:40<br \/><strong>Schwimmausbildung 2<\/strong>\u00a0 \u00a0 17:40 &#8211; 18:20<br \/><strong>Schwimmausbildung 3<\/strong>\u00a0 \u00a0 18:20 &#8211; 19:00<\/p><\/div>\n\t\t\t\t<\/div>\n\t\t\t\t\t\t\t\t<\/div>\n\t\t\t\t\t\t<\/div>\n\t\t\t\t<\/div>\n\t\t\t\t<div class=\"elementor-element elementor-element-1737b01 elementor-widget elementor-widget-toggle\" data-id=\"1737b01\" data-element_type=\"widget\" data-e-type=\"widget\" data-widget_type=\"toggle.default\">\n\t\t\t\t<div class=\"elementor-widget-container\">\n\t\t\t\t\t\t\t<div class=\"elementor-toggle\">\n\t\t\t\t\t\t\t<div class=\"elementor-toggle-item\">\n\t\t\t\t\t<div id=\"elementor-tab-title-2431\" class=\"elementor-tab-title\" data-tab=\"1\" role=\"button\" aria-controls=\"elementor-tab-content-2431\" aria-expanded=\"false\">\n\t\t\t\t\t\t\t\t\t\t\t\t<span class=\"elementor-toggle-icon elementor-toggle-icon-left\" aria-hidden=\"true\">\n\t\t\t\t\t\t\t\t\t\t\t\t\t\t\t<span class=\"elementor-toggle-icon-closed\"><svg class=\"e-font-icon-svg e-fas-caret-right\" viewBox=\"0 0 192 512\" xmlns=\"http:\/\/www.w3.org\/2000\/svg\"><path d=\"M0 384.662V127.338c0-17.818 21.543-26.741 34.142-14.142l128.662 128.662c7.81 7.81 7.81 20.474 0 28.284L34.142 398.804C21.543 411.404 0 402.48 0 384.662z\"><\/path><\/svg><\/span>\n\t\t\t\t\t\t\t\t<span class=\"elementor-toggle-icon-opened\"><svg class=\"elementor-toggle-icon-opened e-font-icon-svg e-fas-caret-up\" viewBox=\"0 0 320 512\" xmlns=\"http:\/\/www.w3.org\/2000\/svg\"><path d=\"M288.662 352H31.338c-17.818 0-26.741-21.543-14.142-34.142l128.662-128.662c7.81-7.81 20.474-7.81 28.284 0l128.662 128.662c12.6 12.599 3.676 34.142-14.142 34.142z\"><\/path><\/svg><\/span>\n\t\t\t\t\t\t\t\t\t\t\t\t\t<\/span>\n\t\t\t\t\t\t\t\t\t\t\t\t<a class=\"elementor-toggle-title\" tabindex=\"0\">Freibad am Dienstag<\/a>\n\t\t\t\t\t<\/div>\n\n\t\t\t\t\t<div id=\"elementor-tab-content-2431\" class=\"elementor-tab-content elementor-clearfix\" data-tab=\"1\" role=\"region\" aria-labelledby=\"elementor-tab-title-2431\"><p><b>Vereinsmitglieder<\/b> \u00a0 19:30 &#8211; 21:00<br \/>*Freibadsaison<\/p><\/div>\n\t\t\t\t<\/div>\n\t\t\t\t\t\t\t\t<\/div>\n\t\t\t\t\t\t<\/div>\n\t\t\t\t<\/div>\n\t\t\t\t\t<\/div>\n\t\t<\/div>\n\t\t\t\t<div class=\"elementor-column elementor-col-33 elementor-top-column elementor-element elementor-element-10f692c\" data-id=\"10f692c\" data-element_type=\"column\" data-e-type=\"column\">\n\t\t\t<div class=\"elementor-widget-wrap elementor-element-populated\">\n\t\t\t\t\t\t<div class=\"elementor-element elementor-element-358e61c elementor-widget elementor-widget-toggle\" data-id=\"358e61c\" data-element_type=\"widget\" data-e-type=\"widget\" data-widget_type=\"toggle.default\">\n\t\t\t\t<div class=\"elementor-widget-container\">\n\t\t\t\t\t\t\t<div class=\"elementor-toggle\">\n\t\t\t\t\t\t\t<div class=\"elementor-toggle-item\">\n\t\t\t\t\t<div id=\"elementor-tab-title-5611\" class=\"elementor-tab-title\" data-tab=\"1\" role=\"button\" aria-controls=\"elementor-tab-content-5611\" aria-expanded=\"false\">\n\t\t\t\t\t\t\t\t\t\t\t\t<span class=\"elementor-toggle-icon elementor-toggle-icon-left\" aria-hidden=\"true\">\n\t\t\t\t\t\t\t\t\t\t\t\t\t\t\t<span class=\"elementor-toggle-icon-closed\"><svg class=\"e-font-icon-svg e-fas-caret-right\" viewBox=\"0 0 192 512\" xmlns=\"http:\/\/www.w3.org\/2000\/svg\"><path d=\"M0 384.662V127.338c0-17.818 21.543-26.741 34.142-14.142l128.662 128.662c7.81 7.81 7.81 20.474 0 28.284L34.142 398.804C21.543 411.404 0 402.48 0 384.662z\"><\/path><\/svg><\/span>\n\t\t\t\t\t\t\t\t<span class=\"elementor-toggle-icon-opened\"><svg class=\"elementor-toggle-icon-opened e-font-icon-svg e-fas-caret-up\" viewBox=\"0 0 320 512\" xmlns=\"http:\/\/www.w3.org\/2000\/svg\"><path d=\"M288.662 352H31.338c-17.818 0-26.741-21.543-14.142-34.142l128.662-128.662c7.81-7.81 20.474-7.81 28.284 0l128.662 128.662c12.6 12.599 3.676 34.142-14.142 34.142z\"><\/path><\/svg><\/span>\n\t\t\t\t\t\t\t\t\t\t\t\t\t<\/span>\n\t\t\t\t\t\t\t\t\t\t\t\t<a class=\"elementor-toggle-title\" tabindex=\"0\">Hallenbad am Donnerstag<\/a>\n\t\t\t\t\t<\/div>\n\n\t\t\t\t\t<div id=\"elementor-tab-content-5611\" class=\"elementor-tab-content elementor-clearfix\" data-tab=\"1\" role=\"region\" aria-labelledby=\"elementor-tab-title-5611\"><p><b>Vereinsmitglieder<\/b> \u00a0 19:30 &#8211; 21:30<\/p><\/div>\n\t\t\t\t<\/div>\n\t\t\t\t\t\t\t\t<\/div>\n\t\t\t\t\t\t<\/div>\n\t\t\t\t<\/div>\n\t\t\t\t<div class=\"elementor-element elementor-element-a49a2d3 elementor-widget elementor-widget-toggle\" data-id=\"a49a2d3\" data-element_type=\"widget\" data-e-type=\"widget\" data-widget_type=\"toggle.default\">\n\t\t\t\t<div class=\"elementor-widget-container\">\n\t\t\t\t\t\t\t<div class=\"elementor-toggle\">\n\t\t\t\t\t\t\t<div class=\"elementor-toggle-item\">\n\t\t\t\t\t<div id=\"elementor-tab-title-1721\" class=\"elementor-tab-title\" data-tab=\"1\" role=\"button\" aria-controls=\"elementor-tab-content-1721\" aria-expanded=\"false\">\n\t\t\t\t\t\t\t\t\t\t\t\t<span class=\"elementor-toggle-icon elementor-toggle-icon-left\" aria-hidden=\"true\">\n\t\t\t\t\t\t\t\t\t\t\t\t\t\t\t<span class=\"elementor-toggle-icon-closed\"><svg class=\"e-font-icon-svg e-fas-caret-right\" viewBox=\"0 0 192 512\" xmlns=\"http:\/\/www.w3.org\/2000\/svg\"><path d=\"M0 384.662V127.338c0-17.818 21.543-26.741 34.142-14.142l128.662 128.662c7.81 7.81 7.81 20.474 0 28.284L34.142 398.804C21.543 411.404 0 402.48 0 384.662z\"><\/path><\/svg><\/span>\n\t\t\t\t\t\t\t\t<span class=\"elementor-toggle-icon-opened\"><svg class=\"elementor-toggle-icon-opened e-font-icon-svg e-fas-caret-up\" viewBox=\"0 0 320 512\" xmlns=\"http:\/\/www.w3.org\/2000\/svg\"><path d=\"M288.662 352H31.338c-17.818 0-26.741-21.543-14.142-34.142l128.662-128.662c7.81-7.81 20.474-7.81 28.284 0l128.662 128.662c12.6 12.599 3.676 34.142-14.142 34.142z\"><\/path><\/svg><\/span>\n\t\t\t\t\t\t\t\t\t\t\t\t\t<\/span>\n\t\t\t\t\t\t\t\t\t\t\t\t<a class=\"elementor-toggle-title\" tabindex=\"0\">Freibad am Freitag<\/a>\n\t\t\t\t\t<\/div>\n\n\t\t\t\t\t<div id=\"elementor-tab-content-1721\" class=\"elementor-tab-content elementor-clearfix\" data-tab=\"1\" role=\"region\" aria-labelledby=\"elementor-tab-title-1721\"><p><b>Vereinsmitglieder<\/b> \u00a0 19:30 &#8211; 21:00<br \/>*Friebadsaison<\/p><\/div>\n\t\t\t\t<\/div>\n\t\t\t\t\t\t\t\t<\/div>\n\t\t\t\t\t\t<\/div>\n\t\t\t\t<\/div>\n\t\t\t\t\t<\/div>\n\t\t<\/div>\n\t\t\t\t<div class=\"elementor-column elementor-col-33 elementor-top-column elementor-element elementor-element-c047b65\" data-id=\"c047b65\" data-element_type=\"column\" data-e-type=\"column\">\n\t\t\t<div class=\"elementor-widget-wrap elementor-element-populated\">\n\t\t\t\t\t\t<div class=\"elementor-element elementor-element-6e6fa74 elementor-widget elementor-widget-heading\" data-id=\"6e6fa74\" data-element_type=\"widget\" data-e-type=\"widget\" data-widget_type=\"heading.default\">\n\t\t\t\t<div class=\"elementor-widget-container\">\n\t\t\t\t\t<h2 class=\"elementor-heading-title elementor-size-default\">Dokumente<\/h2>\t\t\t\t<\/div>\n\t\t\t\t<\/div>\n\t\t\t\t<div class=\"elementor-element elementor-element-ca32b38 elementor-icon-list--layout-traditional elementor-list-item-link-full_width elementor-widget elementor-widget-icon-list\" data-id=\"ca32b38\" data-element_type=\"widget\" data-e-type=\"widget\" data-widget_type=\"icon-list.default\">\n\t\t\t\t<div class=\"elementor-widget-container\">\n\t\t\t\t\t\t\t<ul class=\"elementor-icon-list-items\">\n\t\t\t\t\t\t\t<li class=\"elementor-icon-list-item\">\n\t\t\t\t\t\t\t\t\t\t\t<a href=\"https:\/\/svposeidon.de\/wp-content\/uploads\/2024\/03\/Aufnahme-Antrag-Zweiseitig.doc.pdf\" target=\"_blank\">\n\n\t\t\t\t\t\t\t\t\t\t\t\t<span class=\"elementor-icon-list-icon\">\n\t\t\t\t\t\t\t<svg aria-hidden=\"true\" class=\"e-font-icon-svg e-far-file-alt\" viewBox=\"0 0 384 512\" xmlns=\"http:\/\/www.w3.org\/2000\/svg\"><path d=\"M288 248v28c0 6.6-5.4 12-12 12H108c-6.6 0-12-5.4-12-12v-28c0-6.6 5.4-12 12-12h168c6.6 0 12 5.4 12 12zm-12 72H108c-6.6 0-12 5.4-12 12v28c0 6.6 5.4 12 12 12h168c6.6 0 12-5.4 12-12v-28c0-6.6-5.4-12-12-12zm108-188.1V464c0 26.5-21.5 48-48 48H48c-26.5 0-48-21.5-48-48V48C0 21.5 21.5 0 48 0h204.1C264.8 0 277 5.1 286 14.1L369.9 98c9 8.9 14.1 21.2 14.1 33.9zm-128-80V128h76.1L256 51.9zM336 464V176H232c-13.3 0-24-10.7-24-24V48H48v416h288z\"><\/path><\/svg>\t\t\t\t\t\t<\/span>\n\t\t\t\t\t\t\t\t\t\t<span class=\"elementor-icon-list-text\">Aufnahmeantrag<\/span>\n\t\t\t\t\t\t\t\t\t\t\t<\/a>\n\t\t\t\t\t\t\t\t\t<\/li>\n\t\t\t\t\t\t\t\t<li class=\"elementor-icon-list-item\">\n\t\t\t\t\t\t\t\t\t\t\t<a href=\"https:\/\/svposeidon.de\/wp-content\/uploads\/2024\/03\/Datenschutzerklaerung-einzeln.pdf\" target=\"_blank\">\n\n\t\t\t\t\t\t\t\t\t\t\t\t<span class=\"elementor-icon-list-icon\">\n\t\t\t\t\t\t\t<svg aria-hidden=\"true\" class=\"e-font-icon-svg e-far-file-alt\" viewBox=\"0 0 384 512\" xmlns=\"http:\/\/www.w3.org\/2000\/svg\"><path d=\"M288 248v28c0 6.6-5.4 12-12 12H108c-6.6 0-12-5.4-12-12v-28c0-6.6 5.4-12 12-12h168c6.6 0 12 5.4 12 12zm-12 72H108c-6.6 0-12 5.4-12 12v28c0 6.6 5.4 12 12 12h168c6.6 0 12-5.4 12-12v-28c0-6.6-5.4-12-12-12zm108-188.1V464c0 26.5-21.5 48-48 48H48c-26.5 0-48-21.5-48-48V48C0 21.5 21.5 0 48 0h204.1C264.8 0 277 5.1 286 14.1L369.9 98c9 8.9 14.1 21.2 14.1 33.9zm-128-80V128h76.1L256 51.9zM336 464V176H232c-13.3 0-24-10.7-24-24V48H48v416h288z\"><\/path><\/svg>\t\t\t\t\t\t<\/span>\n\t\t\t\t\t\t\t\t\t\t<span class=\"elementor-icon-list-text\">Datenschutzerkl\u00e4rung<\/span>\n\t\t\t\t\t\t\t\t\t\t\t<\/a>\n\t\t\t\t\t\t\t\t\t<\/li>\n\t\t\t\t\t\t<\/ul>\n\t\t\t\t\t\t<\/div>\n\t\t\t\t<\/div>\n\t\t\t\t\t<\/div>\n\t\t<\/div>\n\t\t\t\t\t<\/div>\n\t\t<\/section>\n\t\t\t\t<\/div>\n\t\t","protected":false},"excerpt":{"rendered":"<p>Breitensport Der Breitensport und die Vorbereitung auf das Schwimmabzeichen sind wichtige S\u00e4ulen der Schwimmaktivit\u00e4ten beim SV Poseidon Castrop-Rauxel. Diese Programme richten sich an alle, die ihre Schwimmf\u00e4higkeiten verbessern m\u00f6chten, sei es aus Sicherheitsgr\u00fcnden, f\u00fcr den Spa\u00df am Wasser oder als Vorbereitung auf weiterf\u00fchrende Schwimmziele. Im Breitensportprogramm des Vereins stehen Spa\u00df und Bewegung im Wasser im [&hellip;]<\/p>\n","protected":false},"author":4,"featured_media":0,"parent":0,"menu_order":0,"comment_status":"closed","ping_status":"closed","template":"elementor_theme","meta":{"footnotes":""},"class_list":["post-2080","page","type-page","status-publish","hentry"],"_links":{"self":[{"href":"https:\/\/svposeidon.de\/index.php\/wp-json\/wp\/v2\/pages\/2080","targetHints":{"allow":["GET"]}}],"collection":[{"href":"https:\/\/svposeidon.de\/index.php\/wp-json\/wp\/v2\/pages"}],"about":[{"href":"https:\/\/svposeidon.de\/index.php\/wp-json\/wp\/v2\/types\/page"}],"author":[{"embeddable":true,"href":"https:\/\/svposeidon.de\/index.php\/wp-json\/wp\/v2\/users\/4"}],"replies":[{"embeddable":true,"href":"https:\/\/svposeidon.de\/index.php\/wp-json\/wp\/v2\/comments?post=2080"}],"version-history":[{"count":16,"href":"https:\/\/svposeidon.de\/index.php\/wp-json\/wp\/v2\/pages\/2080\/revisions"}],"predecessor-version":[{"id":2540,"href":"https:\/\/svposeidon.de\/index.php\/wp-json\/wp\/v2\/pages\/2080\/revisions\/2540"}],"wp:attachment":[{"href":"https:\/\/svposeidon.de\/index.php\/wp-json\/wp\/v2\/media?parent=2080"}],"curies":[{"name":"wp","href":"https:\/\/api.w.org\/{rel}","templated":true}]}}